{"id":269,"date":"2025-10-13T18:01:59","date_gmt":"2025-10-13T18:01:59","guid":{"rendered":"https:\/\/studio61-wetzlar.de\/?page_id=269"},"modified":"2025-10-23T18:38:46","modified_gmt":"2025-10-23T18:38:46","slug":"datenschutzerklaerung","status":"publish","type":"page","link":"https:\/\/studio61-wetzlar.de\/index.php\/datenschutzerklaerung\/","title":{"rendered":"Datenschutzerkl\u00e4rung"},"content":{"rendered":"\n<h1 class=\"wp-block-heading\">Datenschutzerkl\u00e4rung<\/h1>\n\n\n\n<h2 class=\"wp-block-heading\">Hinweise zur Datenverarbeitung im Zusammenhang mit Google Analytics<\/h2>\n\n\n\n<p>Diese Website benutzt Google Analytics, einen Webanalysedienst der Google Ireland limited. Wenn der Verantwortliche f\u00fcr die Datenverarbeitung auf dieser Website au\u00dferhalb des Europ\u00e4ischen Wirtschaftsraumes oder der Schweiz sitzt, dann erfolgt die Google Analytics Datenverarbeitung durch Google LLC. Google LLC und Google Ireland Limited werden nachfolgend &#8222;Google&#8220; genannt. Bei der Verwendung von Google Analytics wird die Datenverarbeitung technisch durch WordPress. <\/p>\n\n\n\n<p>Google Analytics verwendet sog. \u201eCookies\u201c, Textdateien, die auf dem verwendeten Ger\u00e4t gespeichert werden und die eine Analyse der Benutzung der Website durch den Seitenbesucher erm\u00f6glichen. Die durch den Cookie erzeugten Informationen \u00fcber Ihre Benutzung dieser Website werden in der Regel an einen Server von Google \u00fcbertragen und dort gespeichert.<\/p>\n\n\n\n<p>Google Analytics wird ausschlie\u00dflich mit der Erweiterung &#8222;_anonymizeIp()&#8220; auf dieser Website verwendet. Diese Erweiterung stellt eine Anonymisierung der IP-Adresse durch K\u00fcrzung sicher und schlie\u00dft eine direkte Personenbeziehbarkeit aus. Durch die Erweiterung wird die IP-Adresse von Google innerhalb von Mitgliedstaaten der Europ\u00e4ischen Union oder in anderen Vertragsstaaten des Abkommens \u00fcber den Europ\u00e4ischen Wirtschaftsraum zuvor gek\u00fcrzt. Die im Rahmen von Google Analytics von dem entsprechenden Browser \u00fcbermittelte IP-Adresse wird nicht mit anderen Daten von Google zusammengef\u00fchrt.<\/p>\n\n\n\n<p>Im Auftrag von Jimdo und dem Seitenbetreiber wird Google die anfallenden Informationen benutzen, um die Nutzung der Website auszuwerten, um Reports \u00fcber die Websiteaktivit\u00e4ten zusammenzustellen und um weitere mit der Websitenutzung und der Internetnutzung verbundene Dienstleistungen Jimdo und dem Seitenbetreiber gegen\u00fcber zu erbringen (Art. 6 Abs. 1 lit. f DSGVO). Das berechtigte Interesse an der Datenverarbeitung liegt in der Optimierung dieser Website, der Analyse der Benutzung der Website und der Anpassung der Inhalte, die durch die Bereitstellung der Statistikfunktionen von Jimdo erm\u00f6glicht wird. Die Interessen der Nutzer werden durch die Pseudonymisierung hinreichend gewahrt.<\/p>\n\n\n\n<p>Google LLC. bietet eine Garantie auf Basis der Standardvertragsklauseln ein angemessenes Datenschutzniveau einzuhalten. Die gesendeten und mit Cookies, Nutzerkennungen (z. B. User-ID) oder Werbe-IDs verkn\u00fcpften Daten werden nach 50 Monaten automatisch gel\u00f6scht. Die L\u00f6schung von Daten, deren Aufbewahrungsdauer erreicht ist, erfolgt automatisch einmal im Monat.<\/p>\n\n\n\n<p>Die Erfassung durch Google Analytics kann verhindert werden, indem der Seitenbesucher die Cookie-Einstellungen f\u00fcr diese Website anpasst. Der Erfassung und Speicherung der IP-Adresse und der durch Cookies erzeugten Daten kann au\u00dferdem jederzeit mit Wirkung f\u00fcr die Zukunft widersprochen werden. Das entsprechende Browser- Plugin kann unter dem folgenden Link heruntergeladen und installiert werden:&nbsp;<a href=\"https:\/\/tools.google.com\/dlpage\/gaoptout?hl=de\">https:\/\/tools.google.com\/dlpage\/gaoptout<\/a>.<\/p>\n\n\n\n<p>Der Seitenbesucher kann die Erfassung durch Google Analytics auf dieser Webseite verhindern, indem er auf folgenden&nbsp;<a href=\"https:\/\/www.sixtyonewetzlar.de\/cookie-einstellungen\/\">Link<\/a>&nbsp;klickt. Es wird ein Opt-Out-Cookie gesetzt, der die zuk\u00fcnftige Erfassung der Daten beim Besuch dieser Website verhindert.<\/p>\n\n\n\n<p>Wenn Link geklickt: Der Seitenbesucher hat der Erfassung von Daten mittels Google Analytics auf dieser Webseite widersprochen.<\/p>\n\n\n\n<p>N\u00e4here Informationen zu den Google Nutzungsbedingungen und Datenschutz finden sich unter den&nbsp;<a href=\"https:\/\/www.google.com\/analytics\/terms\/de.html\">Google Analytics Bedingungen<\/a>&nbsp;bzw. unter der&nbsp;<a href=\"https:\/\/www.google.com\/intl\/de\/policies\/privacy\/index.html#Datenschutzerkl%C3%A4rung\">Google Analytics \u00dcbersicht<\/a>.<\/p>\n\n\n\n<p>Gem\u00e4\u00df der einschl\u00e4gigen Gesetzgebung und der DSGVO hat Seitenbesucher in Bezug auf seine personenbezogenen Daten, die \u00fcber diese Google Analytics Datenverarbeitung verarbeitet werden, bestimmte Rechte. Insbesondere hat er ein Recht auf Auskunft, Berichtigung, Daten\u00fcbertragbarkeit bzw. L\u00f6schung seiner Daten und ein Recht auf Daten\u00fcbertragbarkeit. Der Seitenbesucher hat bez\u00fcglich bestimmter Verarbeitungen seiner Daten auch das Recht auf Widerspruch. Zur Wahrnehmung dieser Betroffenenrechte bez\u00fcglich der Google Analytics Datenverarbeitung auf dieser Seite, kann sich ein Betroffener(Seitenbesucher) jederzeit an den Seitenbetreiber wenden.<\/p>\n\n\n\n<p>Zur Verwaltung der eingesetzten Cookies und \u00e4hnlichen Technologien (Tracking-Pixel, Web-Beacons etc.) und diesbez\u00fcglicher Einwilligungen setzen wir das Consent Tool &#8222;Real Cookie Banner&#8220; ein. Details zur Funktionsweise von &#8222;Real Cookie Banner&#8220; findest du unter <a href=\"https:\/\/devowl.io\/de\/rcb\/datenverarbeitung\/\" rel=\"noreferrer noopener\" target=\"_blank\">https:\/\/devowl.io\/de\/rcb\/datenverarbeitung\/<\/a>.<\/p>\n\n\n\n<p>Rechtsgrundlagen f\u00fcr die Verarbeitung von personenbezogenen Daten in diesem Zusammenhang sind Art. 6 Abs. 1 lit. c DS-GVO und Art. 6 Abs. 1 lit. f DS-GVO. Unser berechtigtes Interesse ist die Verwaltung der eingesetzten Cookies und \u00e4hnlichen Technologien und der diesbez\u00fcglichen Einwilligungen.<\/p>\n\n\n\n<p>Die Bereitstellung der personenbezogenen Daten ist weder vertraglich vorgeschrieben noch f\u00fcr den Abschluss eines Vertrages notwendig. Du bist nicht verpflichtet die personenbezogenen Daten bereitzustellen. Wenn du die personenbezogenen Daten nicht bereitstellst, k\u00f6nnen wir deine Einwilligungen nicht verwalten.<\/p>\n","protected":false},"excerpt":{"rendered":"<p>Datenschutzerkl\u00e4rung Hinweise zur Datenverarbeitung im Zusammenhang mit Google Analytics Diese Website benutzt Google Analytics, einen Webanalysedienst der Google Ireland limited. Wenn der Verantwortliche f\u00fcr die Datenverarbeitung auf dieser Website au\u00dferhalb des Europ\u00e4ischen Wirtschaftsraumes oder der Schweiz sitzt, dann erfolgt die Google Analytics Datenverarbeitung durch Google LLC. Google LLC und Google Ireland Limited werden nachfolgend &#8222;Google&#8220;&#8230;<\/p>\n","protected":false},"author":1,"featured_media":0,"parent":0,"menu_order":0,"comment_status":"closed","ping_status":"closed","template":"","meta":{"_kad_post_transparent":"","_kad_post_title":"","_kad_post_layout":"","_kad_post_sidebar_id":"","_kad_post_content_style":"","_kad_post_vertical_padding":"","_kad_post_feature":"","_kad_post_feature_position":"","_kad_post_header":false,"_kad_post_footer":false,"footnotes":""},"class_list":["post-269","page","type-page","status-publish","hentry"],"yoast_head":"<!-- This site is optimized with the Yoast SEO plugin v27.5 - https:\/\/yoast.com\/product\/yoast-seo-wordpress\/ -->\n<title>Datenschutzerkl\u00e4rung -<\/title>\n<meta name=\"robots\" content=\"index, follow, max-snippet:-1, max-image-preview:large, max-video-preview:-1\" \/>\n<link rel=\"canonical\" href=\"https:\/\/studio61-wetzlar.de\/index.php\/datenschutzerklaerung\/\" \/>\n<meta property=\"og:locale\" content=\"de_DE\" \/>\n<meta property=\"og:type\" content=\"article\" \/>\n<meta property=\"og:title\" content=\"Datenschutzerkl\u00e4rung -\" \/>\n<meta property=\"og:description\" content=\"Datenschutzerkl\u00e4rung Hinweise zur Datenverarbeitung im Zusammenhang mit Google Analytics Diese Website benutzt Google Analytics, einen Webanalysedienst der Google Ireland limited. Wenn der Verantwortliche f\u00fcr die Datenverarbeitung auf dieser Website au\u00dferhalb des Europ\u00e4ischen Wirtschaftsraumes oder der Schweiz sitzt, dann erfolgt die Google Analytics Datenverarbeitung durch Google LLC. Google LLC und Google Ireland Limited werden nachfolgend &#8222;Google&#8220;...\" \/>\n<meta property=\"og:url\" content=\"https:\/\/studio61-wetzlar.de\/index.php\/datenschutzerklaerung\/\" \/>\n<meta property=\"article:modified_time\" content=\"2025-10-23T18:38:46+00:00\" \/>\n<meta name=\"twitter:card\" content=\"summary_large_image\" \/>\n<script type=\"application\/ld+json\" class=\"yoast-schema-graph\">{\"@context\":\"https:\\\/\\\/schema.org\",\"@graph\":[{\"@type\":\"WebPage\",\"@id\":\"https:\\\/\\\/studio61-wetzlar.de\\\/index.php\\\/datenschutzerklaerung\\\/\",\"url\":\"https:\\\/\\\/studio61-wetzlar.de\\\/index.php\\\/datenschutzerklaerung\\\/\",\"name\":\"Datenschutzerkl\u00e4rung -\",\"isPartOf\":{\"@id\":\"https:\\\/\\\/studio61-wetzlar.de\\\/#website\"},\"datePublished\":\"2025-10-13T18:01:59+00:00\",\"dateModified\":\"2025-10-23T18:38:46+00:00\",\"breadcrumb\":{\"@id\":\"https:\\\/\\\/studio61-wetzlar.de\\\/index.php\\\/datenschutzerklaerung\\\/#breadcrumb\"},\"inLanguage\":\"de\",\"potentialAction\":[{\"@type\":\"ReadAction\",\"target\":[\"https:\\\/\\\/studio61-wetzlar.de\\\/index.php\\\/datenschutzerklaerung\\\/\"]}]},{\"@type\":\"BreadcrumbList\",\"@id\":\"https:\\\/\\\/studio61-wetzlar.de\\\/index.php\\\/datenschutzerklaerung\\\/#breadcrumb\",\"itemListElement\":[{\"@type\":\"ListItem\",\"position\":1,\"name\":\"Startseite\",\"item\":\"https:\\\/\\\/studio61-wetzlar.de\\\/\"},{\"@type\":\"ListItem\",\"position\":2,\"name\":\"Datenschutzerkl\u00e4rung\"}]},{\"@type\":\"WebSite\",\"@id\":\"https:\\\/\\\/studio61-wetzlar.de\\\/#website\",\"url\":\"https:\\\/\\\/studio61-wetzlar.de\\\/\",\"name\":\"Studio61 Wetzlar\",\"description\":\"\",\"publisher\":{\"@id\":\"https:\\\/\\\/studio61-wetzlar.de\\\/#organization\"},\"potentialAction\":[{\"@type\":\"SearchAction\",\"target\":{\"@type\":\"EntryPoint\",\"urlTemplate\":\"https:\\\/\\\/studio61-wetzlar.de\\\/?s={search_term_string}\"},\"query-input\":{\"@type\":\"PropertyValueSpecification\",\"valueRequired\":true,\"valueName\":\"search_term_string\"}}],\"inLanguage\":\"de\"},{\"@type\":\"Organization\",\"@id\":\"https:\\\/\\\/studio61-wetzlar.de\\\/#organization\",\"name\":\"Studio61 Wetzlar\",\"url\":\"https:\\\/\\\/studio61-wetzlar.de\\\/\",\"logo\":{\"@type\":\"ImageObject\",\"inLanguage\":\"de\",\"@id\":\"https:\\\/\\\/studio61-wetzlar.de\\\/#\\\/schema\\\/logo\\\/image\\\/\",\"url\":\"https:\\\/\\\/studio61-wetzlar.de\\\/wp-content\\\/uploads\\\/2025\\\/07\\\/LOGO.png\",\"contentUrl\":\"https:\\\/\\\/studio61-wetzlar.de\\\/wp-content\\\/uploads\\\/2025\\\/07\\\/LOGO.png\",\"width\":1366,\"height\":768,\"caption\":\"Studio61 Wetzlar\"},\"image\":{\"@id\":\"https:\\\/\\\/studio61-wetzlar.de\\\/#\\\/schema\\\/logo\\\/image\\\/\"}}]}<\/script>\n<!-- \/ Yoast SEO plugin. -->","yoast_head_json":{"title":"Datenschutzerkl\u00e4rung -","robots":{"index":"index","follow":"follow","max-snippet":"max-snippet:-1","max-image-preview":"max-image-preview:large","max-video-preview":"max-video-preview:-1"},"canonical":"https:\/\/studio61-wetzlar.de\/index.php\/datenschutzerklaerung\/","og_locale":"de_DE","og_type":"article","og_title":"Datenschutzerkl\u00e4rung -","og_description":"Datenschutzerkl\u00e4rung Hinweise zur Datenverarbeitung im Zusammenhang mit Google Analytics Diese Website benutzt Google Analytics, einen Webanalysedienst der Google Ireland limited. Wenn der Verantwortliche f\u00fcr die Datenverarbeitung auf dieser Website au\u00dferhalb des Europ\u00e4ischen Wirtschaftsraumes oder der Schweiz sitzt, dann erfolgt die Google Analytics Datenverarbeitung durch Google LLC. Google LLC und Google Ireland Limited werden nachfolgend &#8222;Google&#8220;...","og_url":"https:\/\/studio61-wetzlar.de\/index.php\/datenschutzerklaerung\/","article_modified_time":"2025-10-23T18:38:46+00:00","twitter_card":"summary_large_image","schema":{"@context":"https:\/\/schema.org","@graph":[{"@type":"WebPage","@id":"https:\/\/studio61-wetzlar.de\/index.php\/datenschutzerklaerung\/","url":"https:\/\/studio61-wetzlar.de\/index.php\/datenschutzerklaerung\/","name":"Datenschutzerkl\u00e4rung -","isPartOf":{"@id":"https:\/\/studio61-wetzlar.de\/#website"},"datePublished":"2025-10-13T18:01:59+00:00","dateModified":"2025-10-23T18:38:46+00:00","breadcrumb":{"@id":"https:\/\/studio61-wetzlar.de\/index.php\/datenschutzerklaerung\/#breadcrumb"},"inLanguage":"de","potentialAction":[{"@type":"ReadAction","target":["https:\/\/studio61-wetzlar.de\/index.php\/datenschutzerklaerung\/"]}]},{"@type":"BreadcrumbList","@id":"https:\/\/studio61-wetzlar.de\/index.php\/datenschutzerklaerung\/#breadcrumb","itemListElement":[{"@type":"ListItem","position":1,"name":"Startseite","item":"https:\/\/studio61-wetzlar.de\/"},{"@type":"ListItem","position":2,"name":"Datenschutzerkl\u00e4rung"}]},{"@type":"WebSite","@id":"https:\/\/studio61-wetzlar.de\/#website","url":"https:\/\/studio61-wetzlar.de\/","name":"Studio61 Wetzlar","description":"","publisher":{"@id":"https:\/\/studio61-wetzlar.de\/#organization"},"potentialAction":[{"@type":"SearchAction","target":{"@type":"EntryPoint","urlTemplate":"https:\/\/studio61-wetzlar.de\/?s={search_term_string}"},"query-input":{"@type":"PropertyValueSpecification","valueRequired":true,"valueName":"search_term_string"}}],"inLanguage":"de"},{"@type":"Organization","@id":"https:\/\/studio61-wetzlar.de\/#organization","name":"Studio61 Wetzlar","url":"https:\/\/studio61-wetzlar.de\/","logo":{"@type":"ImageObject","inLanguage":"de","@id":"https:\/\/studio61-wetzlar.de\/#\/schema\/logo\/image\/","url":"https:\/\/studio61-wetzlar.de\/wp-content\/uploads\/2025\/07\/LOGO.png","contentUrl":"https:\/\/studio61-wetzlar.de\/wp-content\/uploads\/2025\/07\/LOGO.png","width":1366,"height":768,"caption":"Studio61 Wetzlar"},"image":{"@id":"https:\/\/studio61-wetzlar.de\/#\/schema\/logo\/image\/"}}]}},"_links":{"self":[{"href":"https:\/\/studio61-wetzlar.de\/index.php\/wp-json\/wp\/v2\/pages\/269","targetHints":{"allow":["GET"]}}],"collection":[{"href":"https:\/\/studio61-wetzlar.de\/index.php\/wp-json\/wp\/v2\/pages"}],"about":[{"href":"https:\/\/studio61-wetzlar.de\/index.php\/wp-json\/wp\/v2\/types\/page"}],"author":[{"embeddable":true,"href":"https:\/\/studio61-wetzlar.de\/index.php\/wp-json\/wp\/v2\/users\/1"}],"replies":[{"embeddable":true,"href":"https:\/\/studio61-wetzlar.de\/index.php\/wp-json\/wp\/v2\/comments?post=269"}],"version-history":[{"count":2,"href":"https:\/\/studio61-wetzlar.de\/index.php\/wp-json\/wp\/v2\/pages\/269\/revisions"}],"predecessor-version":[{"id":1039,"href":"https:\/\/studio61-wetzlar.de\/index.php\/wp-json\/wp\/v2\/pages\/269\/revisions\/1039"}],"wp:attachment":[{"href":"https:\/\/studio61-wetzlar.de\/index.php\/wp-json\/wp\/v2\/media?parent=269"}],"curies":[{"name":"wp","href":"https:\/\/api.w.org\/{rel}","templated":true}]}}